{"id":476,"date":"2020-04-04T13:36:48","date_gmt":"2020-04-04T11:36:48","guid":{"rendered":"http:\/\/slijterijgouders.nl\/?post_type=product&#038;p=476"},"modified":"2024-04-05T12:38:54","modified_gmt":"2024-04-05T10:38:54","slug":"bacalhoa-jp-moscatel-giftpack-2019","status":"publish","type":"product","link":"https:\/\/slijterijgouders.nl\/?product=bacalhoa-jp-moscatel-giftpack-2019","title":{"rendered":"Bacalh\u00f4a JP Moscatel giftpack 2019"},"content":{"rendered":"<p><img data-recalc-dims=\"1\" loading=\"lazy\" decoding=\"async\" class=\"alignnone wp-image-1686 lazyload\" data-src=\"https:\/\/i0.wp.com\/slijterijgouders.nl\/wp-content\/uploads\/2020\/04\/bacalhoa-collage.jpg?resize=300%2C200\" alt=\"\" width=\"300\" height=\"200\" data-srcset=\"https:\/\/i0.wp.com\/slijterijgouders.nl\/wp-content\/uploads\/2020\/04\/bacalhoa-collage.jpg?w=690&amp;ssl=1 690w, https:\/\/i0.wp.com\/slijterijgouders.nl\/wp-content\/uploads\/2020\/04\/bacalhoa-collage.jpg?resize=62%2C41&amp;ssl=1 62w, https:\/\/i0.wp.com\/slijterijgouders.nl\/wp-content\/uploads\/2020\/04\/bacalhoa-collage.jpg?resize=100%2C67&amp;ssl=1 100w, https:\/\/i0.wp.com\/slijterijgouders.nl\/wp-content\/uploads\/2020\/04\/bacalhoa-collage.jpg?resize=500%2C333&amp;ssl=1 500w, https:\/\/i0.wp.com\/slijterijgouders.nl\/wp-content\/uploads\/2020\/04\/bacalhoa-collage.jpg?resize=272%2C182&amp;ssl=1 272w\" data-sizes=\"auto, (max-width: 300px) 100vw, 300px\" src=\"data:image\/gif;base64,R0lGODlhAQABAAAAACH5BAEKAAEALAAAAAABAAEAAAICTAEAOw==\" style=\"--smush-placeholder-width: 300px; --smush-placeholder-aspect-ratio: 300\/200;\" \/><noscript><img data-recalc-dims=\"1\" loading=\"lazy\" decoding=\"async\" class=\"alignnone wp-image-1686\" src=\"https:\/\/i0.wp.com\/slijterijgouders.nl\/wp-content\/uploads\/2020\/04\/bacalhoa-collage.jpg?resize=300%2C200\" alt=\"\" width=\"300\" height=\"200\" srcset=\"https:\/\/i0.wp.com\/slijterijgouders.nl\/wp-content\/uploads\/2020\/04\/bacalhoa-collage.jpg?w=690&amp;ssl=1 690w, https:\/\/i0.wp.com\/slijterijgouders.nl\/wp-content\/uploads\/2020\/04\/bacalhoa-collage.jpg?resize=62%2C41&amp;ssl=1 62w, https:\/\/i0.wp.com\/slijterijgouders.nl\/wp-content\/uploads\/2020\/04\/bacalhoa-collage.jpg?resize=100%2C67&amp;ssl=1 100w, https:\/\/i0.wp.com\/slijterijgouders.nl\/wp-content\/uploads\/2020\/04\/bacalhoa-collage.jpg?resize=500%2C333&amp;ssl=1 500w, https:\/\/i0.wp.com\/slijterijgouders.nl\/wp-content\/uploads\/2020\/04\/bacalhoa-collage.jpg?resize=272%2C182&amp;ssl=1 272w\" sizes=\"auto, (max-width: 300px) 100vw, 300px\" \/><\/noscript><\/p>\n<p><strong>In het pittoreske plaatsje Vila Nogueira de Azeit\u00e3o op het schiereiland Set\u00fabal staat het prachtige landhuis van wijnhuis Bacalh\u00f4a, genaamd Pal\u00e1cio e Quinta da Bacalh\u00f4a. Het wijnhuis is een enorm populaire bestemming voor wijntoeristen in de regio. De wijnen zijn populair vanwege de combinatie van zowel inheemse als internationale druivenrassen.<\/strong><br \/>\nAfkomstig van wijngaarden in de Serra da Arr\u00e1bica regio, gelegen op het schiereiland Set\u00fabal in Portugal.<br \/>\nDe gisting wordt na korte periode onderbroken door de toevoeging van &#8216;aguardente&#8217;, een druivendistillaat. Vervolgens blijft het sap een paar maanden in contact met de schilletjes om meer smaak te onttrekken. Daarna wordt de most geperst en rijpt de wijn gedurende \u00e9\u00e9n jaar in eikenhouten vaten.<\/p>\n","protected":false},"excerpt":{"rendered":"<p>In het pittoreske plaatsje Vila Nogueira de Azeit\u00e3o op het schiereiland Set\u00fabal staat het prachtige landhuis van wijnhuis Bacalh\u00f4a, genaamd Pal\u00e1cio e Quinta da Bacalh\u00f4a. Het wijnhuis is een enorm populaire bestemming voor wijntoeristen in de regio. De wijnen zijn populair vanwege de combinatie van zowel inheemse als internationale druivenrassen. Afkomstig van wijngaarden in de Serra da Arr\u00e1bica regio, gelegen op het schiereiland Set\u00fabal in Portugal. De gisting wordt na korte periode onderbroken door de toevoeging van &#8216;aguardente&#8217;, een druivendistillaat. Vervolgens blijft het sap een paar maanden in contact met de schilletjes om meer smaak te onttrekken. Daarna wordt de most geperst en rijpt de wijn gedurende \u00e9\u00e9n jaar in eikenhouten vaten.<\/p>\n","protected":false},"featured_media":477,"comment_status":"open","ping_status":"closed","template":"","meta":[],"product_brand":[],"product_cat":[67],"product_tag":[77,66,78,69],"class_list":{"0":"post-476","1":"product","2":"type-product","3":"status-publish","4":"has-post-thumbnail","6":"product_cat-portugese-wijnen","7":"product_tag-bacalhoa","8":"product_tag-dessertwijn","9":"product_tag-moscatel","10":"product_tag-portugal","12":"first","13":"instock","14":"shipping-taxable","15":"purchasable","16":"product-type-simple"},"jetpack_sharing_enabled":true,"acf":[],"_links":{"self":[{"href":"https:\/\/slijterijgouders.nl\/index.php?rest_route=\/wp\/v2\/product\/476","targetHints":{"allow":["GET"]}}],"collection":[{"href":"https:\/\/slijterijgouders.nl\/index.php?rest_route=\/wp\/v2\/product"}],"about":[{"href":"https:\/\/slijterijgouders.nl\/index.php?rest_route=\/wp\/v2\/types\/product"}],"replies":[{"embeddable":true,"href":"https:\/\/slijterijgouders.nl\/index.php?rest_route=%2Fwp%2Fv2%2Fcomments&post=476"}],"wp:featuredmedia":[{"embeddable":true,"href":"https:\/\/slijterijgouders.nl\/index.php?rest_route=\/wp\/v2\/media\/477"}],"wp:attachment":[{"href":"https:\/\/slijterijgouders.nl\/index.php?rest_route=%2Fwp%2Fv2%2Fmedia&parent=476"}],"wp:term":[{"taxonomy":"product_brand","embeddable":true,"href":"https:\/\/slijterijgouders.nl\/index.php?rest_route=%2Fwp%2Fv2%2Fproduct_brand&post=476"},{"taxonomy":"product_cat","embeddable":true,"href":"https:\/\/slijterijgouders.nl\/index.php?rest_route=%2Fwp%2Fv2%2Fproduct_cat&post=476"},{"taxonomy":"product_tag","embeddable":true,"href":"https:\/\/slijterijgouders.nl\/index.php?rest_route=%2Fwp%2Fv2%2Fproduct_tag&post=476"}],"curies":[{"name":"wp","href":"https:\/\/api.w.org\/{rel}","templated":true}]}}