{"id":669,"date":"2020-04-08T14:44:21","date_gmt":"2020-04-08T12:44:21","guid":{"rendered":"http:\/\/slijterijgouders.nl\/?post_type=product&#038;p=669"},"modified":"2025-08-11T10:53:22","modified_gmt":"2025-08-11T08:53:22","slug":"roger-perrin-vdp-de-la-principaute-dorange-rose-2024","status":"publish","type":"product","link":"https:\/\/slijterijgouders.nl\/?product=roger-perrin-vdp-de-la-principaute-dorange-rose-2024","title":{"rendered":"Roger Perrin VdP de la Principaut\u00e9 d&#8217;Orange Ros\u00e9 2024"},"content":{"rendered":"<p><img data-recalc-dims=\"1\" loading=\"lazy\" decoding=\"async\" class=\"alignnone wp-image-1524 size-full lazyload\" data-src=\"https:\/\/i0.wp.com\/slijterijgouders.nl\/wp-content\/uploads\/2020\/04\/perrin.jpg?resize=300%2C200\" alt=\"\" width=\"300\" height=\"200\" data-srcset=\"https:\/\/i0.wp.com\/slijterijgouders.nl\/wp-content\/uploads\/2020\/04\/perrin.jpg?w=300&amp;ssl=1 300w, https:\/\/i0.wp.com\/slijterijgouders.nl\/wp-content\/uploads\/2020\/04\/perrin.jpg?resize=100%2C67&amp;ssl=1 100w, https:\/\/i0.wp.com\/slijterijgouders.nl\/wp-content\/uploads\/2020\/04\/perrin.jpg?resize=272%2C182&amp;ssl=1 272w\" data-sizes=\"auto, (max-width: 300px) 100vw, 300px\" src=\"data:image\/gif;base64,R0lGODlhAQABAAAAACH5BAEKAAEALAAAAAABAAEAAAICTAEAOw==\" style=\"--smush-placeholder-width: 300px; --smush-placeholder-aspect-ratio: 300\/200;\" \/><noscript><img data-recalc-dims=\"1\" loading=\"lazy\" decoding=\"async\" class=\"alignnone wp-image-1524 size-full\" src=\"https:\/\/i0.wp.com\/slijterijgouders.nl\/wp-content\/uploads\/2020\/04\/perrin.jpg?resize=300%2C200\" alt=\"\" width=\"300\" height=\"200\" srcset=\"https:\/\/i0.wp.com\/slijterijgouders.nl\/wp-content\/uploads\/2020\/04\/perrin.jpg?w=300&amp;ssl=1 300w, https:\/\/i0.wp.com\/slijterijgouders.nl\/wp-content\/uploads\/2020\/04\/perrin.jpg?resize=100%2C67&amp;ssl=1 100w, https:\/\/i0.wp.com\/slijterijgouders.nl\/wp-content\/uploads\/2020\/04\/perrin.jpg?resize=272%2C182&amp;ssl=1 272w\" sizes=\"auto, (max-width: 300px) 100vw, 300px\" \/><\/noscript><\/p>\n<p><strong>Xavier Perrin, de jonge wijnmaker in Ch\u00e2teauneuf du Pape, heeft geassisteerd door zijn moeder V\u00e9ronique (flying winemaker bij diverse ch\u00e2teau\u2019s), de zaakjes inmiddels goed voor elkaar. De hand van de jonge oenoloog wordt steeds meer herkenbaar. De wijnen worden elk jaar beter. Met name de beide Cuv\u00e9e Prestige wijnen zijn uniek in hun klasse, zowel qua prijs als qua kwaliteit. De zeldzame witte Ch\u00e2teauneuf is heel apart. De nieuwe Cuv\u00e9e Laura van 100% Viognier heeft inmiddels veel vaste liefhebbers.<\/strong><\/p>\n<p>Alleen door bloeden De rode druiven worden in tanks gedaan.\u00a0Na een min of meer lange maceratie, afhankelijk van de wijnstokken, wordt een bepaalde hoeveelheid sap ingenomen, dit wordt een bloeding genoemd.\u00a0Na koude bezinking vindt de alcoholische fermentatie plaats in een roestvrijstalen tank met thermoregulatie rond 16 \u00b0 C.<\/p>\n","protected":false},"excerpt":{"rendered":"<p>Xavier Perrin, de jonge wijnmaker in Ch\u00e2teauneuf du Pape, heeft geassisteerd door zijn moeder V\u00e9ronique (flying winemaker bij diverse ch\u00e2teau\u2019s), de zaakjes inmiddels goed voor elkaar. De hand van de jonge oenoloog wordt steeds meer herkenbaar. De wijnen worden elk jaar beter. Met name de beide Cuv\u00e9e Prestige wijnen zijn uniek in hun klasse, zowel qua prijs als qua kwaliteit. De zeldzame witte Ch\u00e2teauneuf is heel apart. De nieuwe Cuv\u00e9e Laura van 100% Viognier heeft inmiddels veel vaste liefhebbers. Alleen door bloeden De rode druiven worden in tanks gedaan.\u00a0Na een min of meer lange maceratie, afhankelijk van de wijnstokken, wordt een bepaalde hoeveelheid sap ingenomen, dit wordt een bloeding genoemd.\u00a0Na koude bezinking vindt de alcoholische fermentatie plaats in een roestvrijstalen tank met thermoregulatie rond 16 \u00b0 C.<\/p>\n","protected":false},"featured_media":1381,"comment_status":"open","ping_status":"closed","template":"","meta":[],"product_brand":[],"product_cat":[19,341],"product_tag":[153,156,154,155,46],"class_list":{"0":"post-669","1":"product","2":"type-product","3":"status-publish","4":"has-post-thumbnail","6":"product_cat-franse-wijnen","7":"product_cat-populaire-wijnen","8":"product_tag-franse-wijn","9":"product_tag-grenache","10":"product_tag-perrin","11":"product_tag-rhone","12":"product_tag-rose","14":"first","15":"instock","16":"shipping-taxable","17":"purchasable","18":"product-type-simple"},"jetpack_sharing_enabled":true,"acf":[],"_links":{"self":[{"href":"https:\/\/slijterijgouders.nl\/index.php?rest_route=\/wp\/v2\/product\/669","targetHints":{"allow":["GET"]}}],"collection":[{"href":"https:\/\/slijterijgouders.nl\/index.php?rest_route=\/wp\/v2\/product"}],"about":[{"href":"https:\/\/slijterijgouders.nl\/index.php?rest_route=\/wp\/v2\/types\/product"}],"replies":[{"embeddable":true,"href":"https:\/\/slijterijgouders.nl\/index.php?rest_route=%2Fwp%2Fv2%2Fcomments&post=669"}],"wp:featuredmedia":[{"embeddable":true,"href":"https:\/\/slijterijgouders.nl\/index.php?rest_route=\/wp\/v2\/media\/1381"}],"wp:attachment":[{"href":"https:\/\/slijterijgouders.nl\/index.php?rest_route=%2Fwp%2Fv2%2Fmedia&parent=669"}],"wp:term":[{"taxonomy":"product_brand","embeddable":true,"href":"https:\/\/slijterijgouders.nl\/index.php?rest_route=%2Fwp%2Fv2%2Fproduct_brand&post=669"},{"taxonomy":"product_cat","embeddable":true,"href":"https:\/\/slijterijgouders.nl\/index.php?rest_route=%2Fwp%2Fv2%2Fproduct_cat&post=669"},{"taxonomy":"product_tag","embeddable":true,"href":"https:\/\/slijterijgouders.nl\/index.php?rest_route=%2Fwp%2Fv2%2Fproduct_tag&post=669"}],"curies":[{"name":"wp","href":"https:\/\/api.w.org\/{rel}","templated":true}]}}