{"id":671,"date":"2020-04-08T15:07:57","date_gmt":"2020-04-08T13:07:57","guid":{"rendered":"http:\/\/slijterijgouders.nl\/?post_type=product&#038;p=671"},"modified":"2026-03-05T16:01:47","modified_gmt":"2026-03-05T15:01:47","slug":"roger-perrin-vdp-de-la-principaute-dorange-rouge-2020","status":"publish","type":"product","link":"https:\/\/slijterijgouders.nl\/?product=roger-perrin-vdp-de-la-principaute-dorange-rouge-2020","title":{"rendered":"Roger Perrin VdP de la Principaut\u00e9 d&#8217;Orange Rouge 2021"},"content":{"rendered":"<p><img data-recalc-dims=\"1\" loading=\"lazy\" decoding=\"async\" class=\"alignnone wp-image-1524 size-full lazyload\" data-src=\"https:\/\/i0.wp.com\/slijterijgouders.nl\/wp-content\/uploads\/2020\/04\/perrin.jpg?resize=300%2C200\" alt=\"\" width=\"300\" height=\"200\" data-srcset=\"https:\/\/i0.wp.com\/slijterijgouders.nl\/wp-content\/uploads\/2020\/04\/perrin.jpg?w=300&amp;ssl=1 300w, https:\/\/i0.wp.com\/slijterijgouders.nl\/wp-content\/uploads\/2020\/04\/perrin.jpg?resize=100%2C67&amp;ssl=1 100w, https:\/\/i0.wp.com\/slijterijgouders.nl\/wp-content\/uploads\/2020\/04\/perrin.jpg?resize=272%2C182&amp;ssl=1 272w\" data-sizes=\"auto, (max-width: 300px) 100vw, 300px\" src=\"data:image\/gif;base64,R0lGODlhAQABAAAAACH5BAEKAAEALAAAAAABAAEAAAICTAEAOw==\" style=\"--smush-placeholder-width: 300px; --smush-placeholder-aspect-ratio: 300\/200;\" \/><noscript><img data-recalc-dims=\"1\" loading=\"lazy\" decoding=\"async\" class=\"alignnone wp-image-1524 size-full\" src=\"https:\/\/i0.wp.com\/slijterijgouders.nl\/wp-content\/uploads\/2020\/04\/perrin.jpg?resize=300%2C200\" alt=\"\" width=\"300\" height=\"200\" srcset=\"https:\/\/i0.wp.com\/slijterijgouders.nl\/wp-content\/uploads\/2020\/04\/perrin.jpg?w=300&amp;ssl=1 300w, https:\/\/i0.wp.com\/slijterijgouders.nl\/wp-content\/uploads\/2020\/04\/perrin.jpg?resize=100%2C67&amp;ssl=1 100w, https:\/\/i0.wp.com\/slijterijgouders.nl\/wp-content\/uploads\/2020\/04\/perrin.jpg?resize=272%2C182&amp;ssl=1 272w\" sizes=\"auto, (max-width: 300px) 100vw, 300px\" \/><\/noscript><\/p>\n<p><strong>Xavier Perrin, de jonge wijnmaker in Ch\u00e2teauneuf du Pape, heeft geassisteerd door zijn moeder V\u00e9ronique (flying winemaker bij diverse ch\u00e2teau\u2019s), de zaakjes inmiddels goed voor elkaar. De hand van de jonge oenoloog wordt steeds meer herkenbaar. De wijnen worden elk jaar beter. Met name de beide Cuv\u00e9e Prestige wijnen zijn uniek in hun klasse, zowel qua prijs als qua kwaliteit. De zeldzame witte Ch\u00e2teauneuf is heel apart. De nieuwe Cuv\u00e9e Laura van 100% Viognier heeft inmiddels veel vaste liefhebbers.<\/strong><\/p>\n<p>De druiven zijn volledig ontsteeld.\u00a0Pre-blending wordt gedaan in de vaten met Cabernet Sauvignon, Grenache en Alicante druivensoorten.\u00a0De druivensoorten Merlot, Egiodola en Caladoc worden apart gevinifieerd om hun typiciteit te behouden.De maceratietijd is 8 tot 12 dagen afhankelijk van het oogstjaar omdat we op zoek zijn naar zeer fruitige &#8220;Vin de Pays&#8221; met een lichte tanninesteun.<\/p>\n","protected":false},"excerpt":{"rendered":"<p>Xavier Perrin, de jonge wijnmaker in Ch\u00e2teauneuf du Pape, heeft geassisteerd door zijn moeder V\u00e9ronique (flying winemaker bij diverse ch\u00e2teau\u2019s), de zaakjes inmiddels goed voor elkaar. De hand van de jonge oenoloog wordt steeds meer herkenbaar. De wijnen worden elk jaar beter. Met name de beide Cuv\u00e9e Prestige wijnen zijn uniek in hun klasse, zowel qua prijs als qua kwaliteit. De zeldzame witte Ch\u00e2teauneuf is heel apart. De nieuwe Cuv\u00e9e Laura van 100% Viognier heeft inmiddels veel vaste liefhebbers. De druiven zijn volledig ontsteeld.\u00a0Pre-blending wordt gedaan in de vaten met Cabernet Sauvignon, Grenache en Alicante druivensoorten.\u00a0De druivensoorten Merlot, Egiodola en Caladoc worden apart gevinifieerd om hun typiciteit te behouden.De maceratietijd is 8 tot 12 dagen afhankelijk van het oogstjaar omdat we op zoek zijn naar zeer fruitige &#8220;Vin de Pays&#8221; met een lichte tanninesteun.<\/p>\n","protected":false},"featured_media":1380,"comment_status":"open","ping_status":"closed","template":"","meta":[],"product_brand":[],"product_cat":[19],"product_tag":[153,138,154,155,28],"class_list":{"0":"post-671","1":"product","2":"type-product","3":"status-publish","4":"has-post-thumbnail","6":"product_cat-franse-wijnen","7":"product_tag-franse-wijn","8":"product_tag-merlot","9":"product_tag-perrin","10":"product_tag-rhone","11":"product_tag-rode-wijn","13":"first","14":"instock","15":"shipping-taxable","16":"purchasable","17":"product-type-simple"},"jetpack_sharing_enabled":true,"acf":[],"_links":{"self":[{"href":"https:\/\/slijterijgouders.nl\/index.php?rest_route=\/wp\/v2\/product\/671","targetHints":{"allow":["GET"]}}],"collection":[{"href":"https:\/\/slijterijgouders.nl\/index.php?rest_route=\/wp\/v2\/product"}],"about":[{"href":"https:\/\/slijterijgouders.nl\/index.php?rest_route=\/wp\/v2\/types\/product"}],"replies":[{"embeddable":true,"href":"https:\/\/slijterijgouders.nl\/index.php?rest_route=%2Fwp%2Fv2%2Fcomments&post=671"}],"wp:featuredmedia":[{"embeddable":true,"href":"https:\/\/slijterijgouders.nl\/index.php?rest_route=\/wp\/v2\/media\/1380"}],"wp:attachment":[{"href":"https:\/\/slijterijgouders.nl\/index.php?rest_route=%2Fwp%2Fv2%2Fmedia&parent=671"}],"wp:term":[{"taxonomy":"product_brand","embeddable":true,"href":"https:\/\/slijterijgouders.nl\/index.php?rest_route=%2Fwp%2Fv2%2Fproduct_brand&post=671"},{"taxonomy":"product_cat","embeddable":true,"href":"https:\/\/slijterijgouders.nl\/index.php?rest_route=%2Fwp%2Fv2%2Fproduct_cat&post=671"},{"taxonomy":"product_tag","embeddable":true,"href":"https:\/\/slijterijgouders.nl\/index.php?rest_route=%2Fwp%2Fv2%2Fproduct_tag&post=671"}],"curies":[{"name":"wp","href":"https:\/\/api.w.org\/{rel}","templated":true}]}}