{"id":933,"date":"2020-04-14T17:35:08","date_gmt":"2020-04-14T15:35:08","guid":{"rendered":"http:\/\/slijterijgouders.nl\/?post_type=product&#038;p=933"},"modified":"2023-06-03T14:51:24","modified_gmt":"2023-06-03T12:51:24","slug":"domaine-maby-bel-canto-lirac-2015","status":"publish","type":"product","link":"https:\/\/slijterijgouders.nl\/?product=domaine-maby-bel-canto-lirac-2015","title":{"rendered":"Domaine Maby Bel Canto Lirac 2015"},"content":{"rendered":"<p><img data-recalc-dims=\"1\" loading=\"lazy\" decoding=\"async\" class=\"alignnone size-full wp-image-1731 lazyload\" data-src=\"https:\/\/i0.wp.com\/slijterijgouders.nl\/wp-content\/uploads\/2020\/04\/domaine-maby.png?resize=300%2C300\" alt=\"\" width=\"300\" height=\"300\" data-srcset=\"https:\/\/i0.wp.com\/slijterijgouders.nl\/wp-content\/uploads\/2020\/04\/domaine-maby.png?w=300&amp;ssl=1 300w, https:\/\/i0.wp.com\/slijterijgouders.nl\/wp-content\/uploads\/2020\/04\/domaine-maby.png?resize=62%2C62&amp;ssl=1 62w, https:\/\/i0.wp.com\/slijterijgouders.nl\/wp-content\/uploads\/2020\/04\/domaine-maby.png?resize=100%2C100&amp;ssl=1 100w, https:\/\/i0.wp.com\/slijterijgouders.nl\/wp-content\/uploads\/2020\/04\/domaine-maby.png?resize=75%2C75&amp;ssl=1 75w\" data-sizes=\"auto, (max-width: 300px) 100vw, 300px\" src=\"data:image\/gif;base64,R0lGODlhAQABAAAAACH5BAEKAAEALAAAAAABAAEAAAICTAEAOw==\" style=\"--smush-placeholder-width: 300px; --smush-placeholder-aspect-ratio: 300\/300;\" \/><noscript><img data-recalc-dims=\"1\" loading=\"lazy\" decoding=\"async\" class=\"alignnone size-full wp-image-1731\" src=\"https:\/\/i0.wp.com\/slijterijgouders.nl\/wp-content\/uploads\/2020\/04\/domaine-maby.png?resize=300%2C300\" alt=\"\" width=\"300\" height=\"300\" srcset=\"https:\/\/i0.wp.com\/slijterijgouders.nl\/wp-content\/uploads\/2020\/04\/domaine-maby.png?w=300&amp;ssl=1 300w, https:\/\/i0.wp.com\/slijterijgouders.nl\/wp-content\/uploads\/2020\/04\/domaine-maby.png?resize=62%2C62&amp;ssl=1 62w, https:\/\/i0.wp.com\/slijterijgouders.nl\/wp-content\/uploads\/2020\/04\/domaine-maby.png?resize=100%2C100&amp;ssl=1 100w, https:\/\/i0.wp.com\/slijterijgouders.nl\/wp-content\/uploads\/2020\/04\/domaine-maby.png?resize=75%2C75&amp;ssl=1 75w\" sizes=\"auto, (max-width: 300px) 100vw, 300px\" \/><\/noscript><\/p>\n<p><strong>De Domaine van Richard Maby ligt in Tavel, aan de rechter Rh\u00f4ne oever, tegenover Ch\u00e2teauneuf du Pape. De waardering van zijn wijnen in de Franse wijnbijbel Guide Hachette zijn jaar na jaar enthousiast en lovend. Maby bezit wijngaarden in de Appellation Lirac en C\u00f4tes du Rh\u00f4ne (rood, wit en ros\u00e9), ter- wijl het terroir van Tavel vrijwel uitsluitend voor de beroemde Ros\u00e9wijnen gebruikt wordt. Enkele van zijn wijnen kregen in de Guide Hachette zelfs de zeldzame \u201cCoup de Coeur\u201d. Uiteraard kunt U de kwaliteit (en de prijs) van deze ros\u00e9 niet vergelijken met de meeste ros\u00e9\u2019s van elders. Het betreft hier een culinaire topwijn, die Uw zomerse salades, met gamba\u2019s of gerookte zalm tot een feest maken. Ook heerlijk bij gevogelte en kalfsvlees. wijnen nu eenmaal duurder zijn dan andere wijnen door intensievere bewerking in de wijngaard.<\/strong><br \/>\nExclusief gemaakt met onze oudste Grenaches , wordt deze rode Lirac 18 maanden gerijpt in nieuwe eiken vaten. Deze elegante wijn onthult prachtige aroma&#8217;s van framboos, zwarte bes, gedroogde bloemen, licht vanille. De finesse en het mooie evenwicht zijn onlangs geprezen in professionele gidsen.<\/p>\n","protected":false},"excerpt":{"rendered":"<p>De Domaine van Richard Maby ligt in Tavel, aan de rechter Rh\u00f4ne oever, tegenover Ch\u00e2teauneuf du Pape. De waardering van zijn wijnen in de Franse wijnbijbel Guide Hachette zijn jaar na jaar enthousiast en lovend. Maby bezit wijngaarden in de Appellation Lirac en C\u00f4tes du Rh\u00f4ne (rood, wit en ros\u00e9), ter- wijl het terroir van Tavel vrijwel uitsluitend voor de beroemde Ros\u00e9wijnen gebruikt wordt. Enkele van zijn wijnen kregen in de Guide Hachette zelfs de zeldzame \u201cCoup de Coeur\u201d. Uiteraard kunt U de kwaliteit (en de prijs) van deze ros\u00e9 niet vergelijken met de meeste ros\u00e9\u2019s van elders. Het betreft hier een culinaire topwijn, die Uw zomerse salades, met gamba\u2019s of gerookte zalm tot een feest maken. Ook heerlijk bij gevogelte en kalfsvlees. wijnen nu eenmaal duurder zijn dan andere wijnen door intensievere bewerking in de wijngaard. Exclusief gemaakt met onze oudste Grenaches , wordt deze rode Lirac 18 maanden gerijpt in nieuwe eiken vaten. Deze elegante wijn onthult prachtige aroma&#8217;s van framboos, zwarte bes, gedroogde bloemen, licht vanille. De finesse en het mooie evenwicht zijn onlangs geprezen in professionele gidsen.<\/p>\n","protected":false},"featured_media":934,"comment_status":"open","ping_status":"closed","template":"","meta":[],"product_brand":[],"product_cat":[19],"product_tag":[190,153,156,211,209,28],"class_list":{"0":"post-933","1":"product","2":"type-product","3":"status-publish","4":"has-post-thumbnail","6":"product_cat-franse-wijnen","7":"product_tag-cotes-du-rhone","8":"product_tag-franse-wijn","9":"product_tag-grenache","10":"product_tag-lirac","11":"product_tag-maby","12":"product_tag-rode-wijn","14":"first","15":"instock","16":"shipping-taxable","17":"purchasable","18":"product-type-simple"},"jetpack_sharing_enabled":true,"acf":[],"_links":{"self":[{"href":"https:\/\/slijterijgouders.nl\/index.php?rest_route=\/wp\/v2\/product\/933","targetHints":{"allow":["GET"]}}],"collection":[{"href":"https:\/\/slijterijgouders.nl\/index.php?rest_route=\/wp\/v2\/product"}],"about":[{"href":"https:\/\/slijterijgouders.nl\/index.php?rest_route=\/wp\/v2\/types\/product"}],"replies":[{"embeddable":true,"href":"https:\/\/slijterijgouders.nl\/index.php?rest_route=%2Fwp%2Fv2%2Fcomments&post=933"}],"wp:featuredmedia":[{"embeddable":true,"href":"https:\/\/slijterijgouders.nl\/index.php?rest_route=\/wp\/v2\/media\/934"}],"wp:attachment":[{"href":"https:\/\/slijterijgouders.nl\/index.php?rest_route=%2Fwp%2Fv2%2Fmedia&parent=933"}],"wp:term":[{"taxonomy":"product_brand","embeddable":true,"href":"https:\/\/slijterijgouders.nl\/index.php?rest_route=%2Fwp%2Fv2%2Fproduct_brand&post=933"},{"taxonomy":"product_cat","embeddable":true,"href":"https:\/\/slijterijgouders.nl\/index.php?rest_route=%2Fwp%2Fv2%2Fproduct_cat&post=933"},{"taxonomy":"product_tag","embeddable":true,"href":"https:\/\/slijterijgouders.nl\/index.php?rest_route=%2Fwp%2Fv2%2Fproduct_tag&post=933"}],"curies":[{"name":"wp","href":"https:\/\/api.w.org\/{rel}","templated":true}]}}